{"id":8920,"date":"2018-07-09T13:04:05","date_gmt":"2018-07-09T11:04:05","guid":{"rendered":"https:\/\/sermocs.es\/inicio\/"},"modified":"2023-11-23T21:38:01","modified_gmt":"2023-11-23T20:38:01","slug":"inicio","status":"publish","type":"page","link":"https:\/\/sermocs.es\/en\/","title":{"rendered":"Inicio"},"content":{"rendered":"\t\t<div data-elementor-type=\"wp-post\" data-elementor-id=\"8920\" class=\"elementor elementor-8920 elementor-14\">\n\t\t\t\t\t\t\t<div class=\"elementor-element elementor-element-9521ecb e-flex e-con-boxed e-con e-parent\" data-id=\"9521ecb\" data-element_type=\"container\" data-settings=\"{&quot;background_background&quot;:&quot;classic&quot;,&quot;jet_parallax_layout_list&quot;:[],&quot;content_width&quot;:&quot;boxed&quot;}\" data-core-v316-plus=\"true\">\n\t\t\t\t\t<div class=\"e-con-inner\">\n\t\t<div class=\"jet-tricks-particles-section elementor-element elementor-element-5e7af94 e-con-full e-flex elementor-invisible e-con e-child\" data-id=\"5e7af94\" data-element_type=\"container\" data-settings=\"{&quot;content_width&quot;:&quot;full&quot;,&quot;jet_parallax_layout_list&quot;:[],&quot;animation&quot;:&quot;fadeInLeft&quot;,&quot;animation_delay&quot;:0}\">\n\t\t\t\t<div class=\"elementor-element elementor-element-2c01a10 elementor-widget elementor-widget-text-editor\" data-id=\"2c01a10\" data-element_type=\"widget\" data-widget_type=\"text-editor.default\">\n\t\t\t\t<div class=\"elementor-widget-container\">\n\t\t\t<style>\/*! elementor - v3.17.0 - 08-11-2023 *\/\n.elementor-widget-text-editor.elementor-drop-cap-view-stacked .elementor-drop-cap{background-color:#69727d;color:#fff}.elementor-widget-text-editor.elementor-drop-cap-view-framed .elementor-drop-cap{color:#69727d;border:3px solid;background-color:transparent}.elementor-widget-text-editor:not(.elementor-drop-cap-view-default) .elementor-drop-cap{margin-top:8px}.elementor-widget-text-editor:not(.elementor-drop-cap-view-default) .elementor-drop-cap-letter{width:1em;height:1em}.elementor-widget-text-editor .elementor-drop-cap{float:left;text-align:center;line-height:1;font-size:50px}.elementor-widget-text-editor .elementor-drop-cap-letter{display:inline-block}<\/style>\t\t\t\t<p><strong>Sermo, Servicios de Movilidad de Castell\u00f3n<\/strong><\/p>\n<p>En el coraz\u00f3n de Castell\u00f3n, nace Sermo, una empresa forjada con el compromiso de transformar y revitalizar nuestras calles y comunidades. Desde nuestros humildes comienzos, hemos crecido no solo como una empresa, sino como un equipo dedicado, apasionado por mejorar la movilidad y la seguridad de nuestra ciudad.<\/p>\n<p>En Sermo, nos especializamos en dar vida a las v\u00edas urbanas mediante pintadas de viales, instalaci\u00f3n de vallados y la creaci\u00f3n de carriles bicis. Creemos firmemente que una ciudad m\u00e1s accesible y segura es una ciudad m\u00e1s feliz. Por eso, cada proyecto que emprendemos est\u00e1 impregnado de nuestra dedicaci\u00f3n y nuestro amor por Castell\u00f3n<\/p>\n\t\t\t\t\t\t<\/div>\n\t\t\t\t<\/div>\n\t\t\t\t<\/div>\n\t\t<div class=\"elementor-element elementor-element-708152b e-con-full e-flex e-con e-child\" data-id=\"708152b\" data-element_type=\"container\" data-settings=\"{&quot;content_width&quot;:&quot;full&quot;,&quot;jet_parallax_layout_list&quot;:[]}\">\n\t\t\t\t<div class=\"jet-parallax-widget elementor-element elementor-element-976c0e4 elementor-widget elementor-widget-image\" data-jet-tricks-settings=\"{&quot;parallax&quot;:&quot;true&quot;,&quot;invert&quot;:&quot;false&quot;,&quot;speed&quot;:{&quot;unit&quot;:&quot;%&quot;,&quot;size&quot;:30,&quot;sizes&quot;:[]},&quot;stickyOn&quot;:[&quot;desktop&quot;,&quot;tablet&quot;]}\" data-id=\"976c0e4\" data-element_type=\"widget\" data-settings=\"{&quot;_animation&quot;:&quot;none&quot;}\" data-widget_type=\"image.default\">\n\t\t\t\t<div class=\"elementor-widget-container\">\n\t\t\t<style>\/*! elementor - v3.17.0 - 08-11-2023 *\/\n.elementor-widget-image{text-align:center}.elementor-widget-image a{display:inline-block}.elementor-widget-image a img[src$=\".svg\"]{width:48px}.elementor-widget-image img{vertical-align:middle;display:inline-block}<\/style>\t\t\t\t\t\t\t\t\t\t\t\t<img loading=\"lazy\" decoding=\"async\" width=\"1000\" height=\"784\" src=\"https:\/\/sermocs.es\/wp-content\/uploads\/2023\/09\/20190808-Bicicas-.jpg\" class=\"attachment-large size-large wp-image-8545\" alt=\"\" srcset=\"https:\/\/sermocs.es\/wp-content\/uploads\/2023\/09\/20190808-Bicicas-.jpg 1000w, https:\/\/sermocs.es\/wp-content\/uploads\/2023\/09\/20190808-Bicicas--300x235.jpg 300w, https:\/\/sermocs.es\/wp-content\/uploads\/2023\/09\/20190808-Bicicas--768x602.jpg 768w, https:\/\/sermocs.es\/wp-content\/uploads\/2023\/09\/20190808-Bicicas--600x470.jpg 600w\" sizes=\"auto, (max-width: 1000px) 100vw, 1000px\" \/>\t\t\t\t\t\t\t\t\t\t\t\t\t\t\t<\/div>\n\t\t\t\t<\/div>\n\t\t\t\t<\/div>\n\t\t\t\t\t<\/div>\n\t\t\t\t<\/div>\n\t\t<div class=\"elementor-element elementor-element-4f3c7b2 e-flex e-con-boxed e-con e-parent\" data-id=\"4f3c7b2\" data-element_type=\"container\" data-settings=\"{&quot;background_background&quot;:&quot;classic&quot;,&quot;jet_parallax_layout_list&quot;:[],&quot;content_width&quot;:&quot;boxed&quot;}\" data-core-v316-plus=\"true\">\n\t\t\t\t\t<div class=\"e-con-inner\">\n\t\t<div class=\"elementor-element elementor-element-7647f17 e-con-full e-flex e-con e-child\" data-id=\"7647f17\" data-element_type=\"container\" data-settings=\"{&quot;content_width&quot;:&quot;full&quot;,&quot;jet_parallax_layout_list&quot;:[]}\">\n\t\t\t\t<div class=\"jet-parallax-widget elementor-element elementor-element-e1ce76b elementor-widget elementor-widget-image\" data-jet-tricks-settings=\"{&quot;parallax&quot;:&quot;true&quot;,&quot;invert&quot;:&quot;false&quot;,&quot;speed&quot;:{&quot;unit&quot;:&quot;%&quot;,&quot;size&quot;:30,&quot;sizes&quot;:[]},&quot;stickyOn&quot;:[&quot;desktop&quot;,&quot;tablet&quot;]}\" data-id=\"e1ce76b\" data-element_type=\"widget\" data-settings=\"{&quot;_animation&quot;:&quot;none&quot;}\" data-widget_type=\"image.default\">\n\t\t\t\t<div class=\"elementor-widget-container\">\n\t\t\t\t\t\t\t\t\t\t\t\t\t\t\t<img loading=\"lazy\" decoding=\"async\" width=\"1024\" height=\"768\" src=\"https:\/\/sermocs.es\/wp-content\/uploads\/2023\/09\/IMG-20200916-WA0004-1024x768.jpg\" class=\"attachment-large size-large wp-image-8551\" alt=\"\" srcset=\"https:\/\/sermocs.es\/wp-content\/uploads\/2023\/09\/IMG-20200916-WA0004-1024x768.jpg 1024w, https:\/\/sermocs.es\/wp-content\/uploads\/2023\/09\/IMG-20200916-WA0004-300x225.jpg 300w, https:\/\/sermocs.es\/wp-content\/uploads\/2023\/09\/IMG-20200916-WA0004-768x576.jpg 768w, https:\/\/sermocs.es\/wp-content\/uploads\/2023\/09\/IMG-20200916-WA0004-1536x1152.jpg 1536w, https:\/\/sermocs.es\/wp-content\/uploads\/2023\/09\/IMG-20200916-WA0004-600x450.jpg 600w, https:\/\/sermocs.es\/wp-content\/uploads\/2023\/09\/IMG-20200916-WA0004.jpg 1600w\" sizes=\"auto, (max-width: 1024px) 100vw, 1024px\" \/>\t\t\t\t\t\t\t\t\t\t\t\t\t\t\t<\/div>\n\t\t\t\t<\/div>\n\t\t\t\t<\/div>\n\t\t<div class=\"elementor-element elementor-element-0124147 e-con-full e-flex elementor-invisible e-con e-child\" data-id=\"0124147\" data-element_type=\"container\" data-settings=\"{&quot;content_width&quot;:&quot;full&quot;,&quot;jet_parallax_layout_list&quot;:[],&quot;animation&quot;:&quot;fadeInRight&quot;}\">\n\t\t\t\t<div class=\"elementor-element elementor-element-402bd64 elementor-widget elementor-widget-text-editor\" data-id=\"402bd64\" data-element_type=\"widget\" data-widget_type=\"text-editor.default\">\n\t\t\t\t<div class=\"elementor-widget-container\">\n\t\t\t\t\t\t\t<p>Nuestra historia comienza con una visi\u00f3n sencilla: hacer de Castell\u00f3n un lugar mejor para vivir, trabajar y jugar. Con un peque\u00f1o equipo de entusiastas locales, comenzamos nuestro viaje, pintando los primeros carriles bici de la ciudad. Pronto, nuestras pinturas coloridas y duraderas captaron la atenci\u00f3n de la comunidad, y desde entonces, hemos expandido nuestros servicios para incluir una gama completa de soluciones de movilidad urbana.<\/p>\n<p>A lo largo de los a\u00f1os, hemos colaborado estrechamente con el ayuntamiento, escuelas y negocios locales, para asegurar que cada proyecto no solo mejore la infraestructura, sino que tambi\u00e9n refleje el esp\u00edritu vibrante de nuestra comunidad. En Sermo, no solo pintamos calles; creamos caminos que unen a las personas, fomentan la sostenibilidad y celebran la identidad \u00fanica de Castell\u00f3n.<\/p>\n<p>Mirando hacia el futuro, Sermo se compromete a seguir siendo un l\u00edder innovador en servicios de movilidad. Con cada vial pintado y cada nuevo proyecto, nos esforzamos por hacer de Castell\u00f3n no solo un lugar para pasar, sino un hogar donde cada persona se sienta conectada, segura y orgullosa de su ciudad.<\/p>\n<p>En Sermo, conectamos personas, pintamos sue\u00f1os y construimos el futuro de Castell\u00f3n.<\/p>\n\t\t\t\t\t\t<\/div>\n\t\t\t\t<\/div>\n\t\t\t\t<\/div>\n\t\t\t\t\t<\/div>\n\t\t\t\t<\/div>\n\t\t\t\t\t\t\t<\/div>\n\t\t","protected":false},"excerpt":{"rendered":"<p>Sermo, Servicios de Movilidad de Castell\u00f3n En el coraz\u00f3n de Castell\u00f3n, nace Sermo, una empresa forjada con el compromiso de transformar y revitalizar nuestras calles y comunidades. Desde nuestros humildes comienzos, hemos crecido no solo como una empresa, sino como un equipo dedicado, apasionado por mejorar la movilidad y la seguridad de nuestra ciudad. En [&hellip;]<\/p>\n","protected":false},"author":1,"featured_media":0,"parent":0,"menu_order":0,"comment_status":"closed","ping_status":"closed","template":"page-templates\/fullwidth-content.php","meta":{"om_disable_all_campaigns":false,"_monsterinsights_skip_tracking":false,"_monsterinsights_sitenote_active":false,"_monsterinsights_sitenote_note":"","_monsterinsights_sitenote_category":0,"_uf_show_specific_survey":0,"_uf_disable_surveys":false,"footnotes":""},"class_list":["post-8920","page","type-page","status-publish","hentry"],"aioseo_notices":[],"_links":{"self":[{"href":"https:\/\/sermocs.es\/en\/wp-json\/wp\/v2\/pages\/8920","targetHints":{"allow":["GET"]}}],"collection":[{"href":"https:\/\/sermocs.es\/en\/wp-json\/wp\/v2\/pages"}],"about":[{"href":"https:\/\/sermocs.es\/en\/wp-json\/wp\/v2\/types\/page"}],"author":[{"embeddable":true,"href":"https:\/\/sermocs.es\/en\/wp-json\/wp\/v2\/users\/1"}],"replies":[{"embeddable":true,"href":"https:\/\/sermocs.es\/en\/wp-json\/wp\/v2\/comments?post=8920"}],"version-history":[{"count":1,"href":"https:\/\/sermocs.es\/en\/wp-json\/wp\/v2\/pages\/8920\/revisions"}],"predecessor-version":[{"id":8921,"href":"https:\/\/sermocs.es\/en\/wp-json\/wp\/v2\/pages\/8920\/revisions\/8921"}],"wp:attachment":[{"href":"https:\/\/sermocs.es\/en\/wp-json\/wp\/v2\/media?parent=8920"}],"curies":[{"name":"wp","href":"https:\/\/api.w.org\/{rel}","templated":true}]}}